{"id":17,"date":"2026-03-10T11:11:52","date_gmt":"2026-03-10T11:11:52","guid":{"rendered":"https:\/\/jyskalan.fi\/?page_id=17"},"modified":"2026-04-07T15:38:47","modified_gmt":"2026-04-07T15:38:47","slug":"puutavaran-erikoisliike","status":"publish","type":"page","link":"https:\/\/jyskalan.fi\/?page_id=17","title":{"rendered":"Rakennuspalvelu jysk\u00e4l\u00e4 Oy"},"content":{"rendered":"\n<p><\/p>\n\n\n\n<div class=\"wp-block-cover alignwide\"><img loading=\"lazy\" decoding=\"async\" width=\"1000\" height=\"960\" class=\"wp-block-cover__image-background wp-image-32\" alt=\"\" src=\"https:\/\/jyskalan.fi\/wp-content\/uploads\/2026\/03\/Tausta-tumma-1.jpg\" data-object-fit=\"cover\" srcset=\"https:\/\/jyskalan.fi\/wp-content\/uploads\/2026\/03\/Tausta-tumma-1.jpg 1000w, https:\/\/jyskalan.fi\/wp-content\/uploads\/2026\/03\/Tausta-tumma-1-300x288.jpg 300w, https:\/\/jyskalan.fi\/wp-content\/uploads\/2026\/03\/Tausta-tumma-1-768x737.jpg 768w\" sizes=\"auto, (max-width: 1000px) 100vw, 1000px\" \/><span aria-hidden=\"true\" class=\"wp-block-cover__background has-background-dim\"><\/span><div class=\"wp-block-cover__inner-container is-layout-flow wp-block-cover-is-layout-flow\">\n<p>Teemme kaiken kokoisia ja n\u00e4k\u00f6isi\u00e4 saunoja. <\/p>\n\n\n\n<p>Puumateriaalina on p\u00e4\u00e4s\u00e4\u00e4nt\u00f6isesti l\u00e4mp\u00f6k\u00e4sitelty lepp\u00e4, mutta my\u00f6s vaaleampaa lepp\u00e4\u00e4 k\u00e4ytet\u00e4\u00e4n. <\/p>\n\n\n\n<p>L\u00e4mp\u00f6k\u00e4sitelty puu antaa rauhoittavan tunnelman ja valoilla voidaan tehd\u00e4 saunaan erilaista tunnelmaa.<\/p>\n\n\n\n<p>Kauttamme saa my\u00f6s s\u00e4hk\u00f6ty\u00f6t, kiukaat ja valaisimet<\/p>\n<\/div><\/div>\n\n\n\n<figure class=\"wp-block-gallery has-nested-images columns-default is-cropped wp-block-gallery-1 is-layout-flex wp-block-gallery-is-layout-flex\">\n<figure class=\"wp-block-image aligncenter size-large\"><img loading=\"lazy\" decoding=\"async\" width=\"1024\" height=\"683\" data-id=\"24\" src=\"https:\/\/jyskalan.fi\/wp-content\/uploads\/2026\/03\/Sauna-1024x683.avif\" alt=\"\" class=\"wp-image-24\" srcset=\"https:\/\/jyskalan.fi\/wp-content\/uploads\/2026\/03\/Sauna-1024x683.avif 1024w, https:\/\/jyskalan.fi\/wp-content\/uploads\/2026\/03\/Sauna-300x200.avif 300w, https:\/\/jyskalan.fi\/wp-content\/uploads\/2026\/03\/Sauna-768x512.avif 768w, https:\/\/jyskalan.fi\/wp-content\/uploads\/2026\/03\/Sauna.avif 1240w\" sizes=\"auto, (max-width: 1024px) 100vw, 1024px\" \/><\/figure>\n<\/figure>\n\n\n\n<div class=\"wp-block-cover alignwide\"><img loading=\"lazy\" decoding=\"async\" width=\"1000\" height=\"960\" class=\"wp-block-cover__image-background wp-image-32\" alt=\"\" src=\"https:\/\/jyskalan.fi\/wp-content\/uploads\/2026\/03\/Tausta-tumma-1.jpg\" data-object-fit=\"cover\" srcset=\"https:\/\/jyskalan.fi\/wp-content\/uploads\/2026\/03\/Tausta-tumma-1.jpg 1000w, https:\/\/jyskalan.fi\/wp-content\/uploads\/2026\/03\/Tausta-tumma-1-300x288.jpg 300w, https:\/\/jyskalan.fi\/wp-content\/uploads\/2026\/03\/Tausta-tumma-1-768x737.jpg 768w\" sizes=\"auto, (max-width: 1000px) 100vw, 1000px\" \/><span aria-hidden=\"true\" class=\"wp-block-cover__background has-background-dim\"><\/span><div class=\"wp-block-cover__inner-container is-layout-flow wp-block-cover-is-layout-flow\">\n<p>Olemme erikoistuneet kosteiden tilojen korjaamiseen ja saneeraukseen. <\/p>\n\n\n\n<p>Teemme purku, tasoitus, vesieristys ja laatoitus ty\u00f6t. Vaihdamme ovet tarvittaessa ja kattoty\u00f6t.<\/p>\n\n\n\n<p>Meilt\u00e4 l\u00f6ytyy putki-, sek\u00e4 s\u00e4hk\u00f6miehet, joten asiakas saa kauttamme kokonaisvaltaisen remontin avaimet k\u00e4teen urakkana<\/p>\n\n\n\n<p>Kosteuden l\u00f6ytyess\u00e4, meill\u00e4 on my\u00f6s kuivauskalusto, niin pystymme pit\u00e4m\u00e4\u00e4n koko organisoinnin omissa k\u00e4siss\u00e4<\/p>\n<\/div><\/div>\n\n\n\n<figure class=\"wp-block-image alignwide size-large\"><img loading=\"lazy\" decoding=\"async\" width=\"1024\" height=\"768\" src=\"https:\/\/jyskalan.fi\/wp-content\/uploads\/2026\/03\/Jyska-pesuhuone-1024x768.jpg\" alt=\"\" class=\"wp-image-43\" srcset=\"https:\/\/jyskalan.fi\/wp-content\/uploads\/2026\/03\/Jyska-pesuhuone-1024x768.jpg 1024w, https:\/\/jyskalan.fi\/wp-content\/uploads\/2026\/03\/Jyska-pesuhuone-300x225.jpg 300w, https:\/\/jyskalan.fi\/wp-content\/uploads\/2026\/03\/Jyska-pesuhuone-768x576.jpg 768w, https:\/\/jyskalan.fi\/wp-content\/uploads\/2026\/03\/Jyska-pesuhuone-1536x1152.jpg 1536w, https:\/\/jyskalan.fi\/wp-content\/uploads\/2026\/03\/Jyska-pesuhuone-2048x1536.jpg 2048w\" sizes=\"auto, (max-width: 1024px) 100vw, 1024px\" \/><figcaption class=\"wp-element-caption\">oplus_3145728<\/figcaption><\/figure>\n\n\n\n<div class=\"wp-block-cover alignwide\"><img loading=\"lazy\" decoding=\"async\" width=\"1000\" height=\"960\" class=\"wp-block-cover__image-background wp-image-28\" alt=\"\" src=\"https:\/\/jyskalan.fi\/wp-content\/uploads\/2026\/03\/Etusivu-2-4.jpg\" data-object-fit=\"cover\" srcset=\"https:\/\/jyskalan.fi\/wp-content\/uploads\/2026\/03\/Etusivu-2-4.jpg 1000w, https:\/\/jyskalan.fi\/wp-content\/uploads\/2026\/03\/Etusivu-2-4-300x288.jpg 300w, https:\/\/jyskalan.fi\/wp-content\/uploads\/2026\/03\/Etusivu-2-4-768x737.jpg 768w\" sizes=\"auto, (max-width: 1000px) 100vw, 1000px\" \/><span aria-hidden=\"true\" class=\"wp-block-cover__background has-background-dim\"><\/span><div class=\"wp-block-cover__inner-container is-layout-flow wp-block-cover-is-layout-flow\">\n<p class=\"has-text-align-center has-large-font-size\"><strong>Terassipuut ovat l\u00e4mp\u00f6k\u00e4sitelty\u00e4 m\u00e4nty\u00e4, kuusta tai saarnia.<br>L\u00e4mp\u00f6k\u00e4sitelty puu ei el\u00e4, niin puu on hyv\u00e4nn\u00e4k\u00f6inen eri<br>s\u00e4\u00e4rasitusten j\u00e4lkeenkin. <\/strong><\/p>\n\n\n\n<p class=\"has-text-align-center has-large-font-size\"><strong>T\u00e4m\u00e4 mahdollistaa piilokiinnityksen ja ruuvin kannat eiv\u00e4t ole n\u00e4kyviss\u00e4.<\/strong><\/p>\n\n\n\n<p class=\"has-text-align-center has-large-font-size\"><strong> Puiden kiinnitys on helppoa, niin sen voi tehd\u00e4 itsekin tai tilata urakoitsijan tekem\u00e4\u00e4n ty\u00f6. Meilt\u00e4 saa tarvittaessa my\u00f6s opastuksen, miten p\u00e4\u00e4see ty\u00f6n alkuun<\/strong>.<\/p>\n<\/div><\/div>\n\n\n\n<figure class=\"wp-block-gallery has-nested-images columns-default is-cropped wp-block-gallery-2 is-layout-flex wp-block-gallery-is-layout-flex\">\n<figure class=\"wp-block-image alignleft size-full\"><img loading=\"lazy\" decoding=\"async\" width=\"800\" height=\"800\" data-id=\"23\" src=\"https:\/\/jyskalan.fi\/wp-content\/uploads\/2026\/03\/Terassa.jpg\" alt=\"\" class=\"wp-image-23\" srcset=\"https:\/\/jyskalan.fi\/wp-content\/uploads\/2026\/03\/Terassa.jpg 800w, https:\/\/jyskalan.fi\/wp-content\/uploads\/2026\/03\/Terassa-300x300.jpg 300w, https:\/\/jyskalan.fi\/wp-content\/uploads\/2026\/03\/Terassa-150x150.jpg 150w, https:\/\/jyskalan.fi\/wp-content\/uploads\/2026\/03\/Terassa-768x768.jpg 768w\" sizes=\"auto, (max-width: 800px) 100vw, 800px\" \/><\/figure>\n<\/figure>\n\n\n\n<div class=\"wp-block-cover alignwide\"><img loading=\"lazy\" decoding=\"async\" width=\"1000\" height=\"960\" class=\"wp-block-cover__image-background wp-image-32\" alt=\"\" src=\"https:\/\/jyskalan.fi\/wp-content\/uploads\/2026\/03\/Tausta-tumma-1.jpg\" data-object-fit=\"cover\" srcset=\"https:\/\/jyskalan.fi\/wp-content\/uploads\/2026\/03\/Tausta-tumma-1.jpg 1000w, https:\/\/jyskalan.fi\/wp-content\/uploads\/2026\/03\/Tausta-tumma-1-300x288.jpg 300w, https:\/\/jyskalan.fi\/wp-content\/uploads\/2026\/03\/Tausta-tumma-1-768x737.jpg 768w\" sizes=\"auto, (max-width: 1000px) 100vw, 1000px\" \/><span aria-hidden=\"true\" class=\"wp-block-cover__background has-background-dim\"><\/span><div class=\"wp-block-cover__inner-container is-layout-flow wp-block-cover-is-layout-flow\">\n<p class=\"has-text-align-left has-large-font-size\">Ulkoseiniin k\u00e4ytet\u00e4\u00e4n l\u00e4mp\u00f6k\u00e4siltety\u00e4 puuta. N\u00e4m\u00e4 harmaantuvat n\u00e4tisti vuosien saatossa<\/p>\n\n\n\n<p>Puut naulataan piilokiinnityksell\u00e4, niin naulanj\u00e4lki\u00e4 ei j\u00e4\u00e4 n\u00e4kyviin, jolloin lopputulos on siisti ja yhtenev\u00e4inen<\/p>\n\n\n\n<p>Tarvittaessa teemme my\u00f6s pohjamaalattuna, mutta kustannustehokkaampi on tehd\u00e4 julkisivu valmiiksimaalatusta puusta<\/p>\n\n\n\n<p>Ulkosein\u00e4 remontissa kannattaa my\u00f6s tehd\u00e4 lis\u00e4m\u00e4mm\u00f6n eristys, kun rakenteet ovat jo valmiiksi auki<\/p>\n<\/div><\/div>\n\n\n\n<figure class=\"wp-block-image alignwide size-full\"><img loading=\"lazy\" decoding=\"async\" width=\"876\" height=\"452\" src=\"https:\/\/jyskalan.fi\/wp-content\/uploads\/2026\/03\/Julkisivu-thermory.jpg\" alt=\"\" class=\"wp-image-71\" srcset=\"https:\/\/jyskalan.fi\/wp-content\/uploads\/2026\/03\/Julkisivu-thermory.jpg 876w, https:\/\/jyskalan.fi\/wp-content\/uploads\/2026\/03\/Julkisivu-thermory-300x155.jpg 300w, https:\/\/jyskalan.fi\/wp-content\/uploads\/2026\/03\/Julkisivu-thermory-768x396.jpg 768w\" sizes=\"auto, (max-width: 876px) 100vw, 876px\" \/><\/figure>\n\n\n\n<div class=\"wp-block-cover alignwide\"><img loading=\"lazy\" decoding=\"async\" width=\"1000\" height=\"960\" class=\"wp-block-cover__image-background wp-image-32\" alt=\"\" src=\"https:\/\/jyskalan.fi\/wp-content\/uploads\/2026\/03\/Tausta-tumma-1.jpg\" data-object-fit=\"cover\" srcset=\"https:\/\/jyskalan.fi\/wp-content\/uploads\/2026\/03\/Tausta-tumma-1.jpg 1000w, https:\/\/jyskalan.fi\/wp-content\/uploads\/2026\/03\/Tausta-tumma-1-300x288.jpg 300w, https:\/\/jyskalan.fi\/wp-content\/uploads\/2026\/03\/Tausta-tumma-1-768x737.jpg 768w\" sizes=\"auto, (max-width: 1000px) 100vw, 1000px\" \/><span aria-hidden=\"true\" class=\"wp-block-cover__background has-background-dim\"><\/span><div class=\"wp-block-cover__inner-container is-layout-flow wp-block-cover-is-layout-flow\">\n<p>Olemme tehneet rossipohjien kunnostusta sek\u00e4 alakautta, ett\u00e4 p\u00e4\u00e4lt\u00e4<\/p>\n\n\n\n<p>Alakautta korjaamisessa on hy\u00f6ty, ettei tarvitse rikkoa pintamateriaaleja<\/p>\n\n\n\n<p>Huoneest\u00e4p\u00e4in korjauksessa korjaaminen on v\u00e4h\u00e4n helpompaa, mutta joutuu purkamaan pintamateriaaleja koko korjaamisen alalta.<\/p>\n\n\n\n<p>Korjaussuunnitelma kannattaa tehd\u00e4 aina huolella, ett\u00e4 voi arvioida mik\u00e4 ratkaisu on kustannustehokkaampaa<\/p>\n<\/div><\/div>\n\n\n\n<figure class=\"wp-block-image alignwide size-full\"><img loading=\"lazy\" decoding=\"async\" width=\"900\" height=\"600\" src=\"https:\/\/jyskalan.fi\/wp-content\/uploads\/2026\/03\/Rossipohja-etusivu.jpg\" alt=\"\" class=\"wp-image-72\" srcset=\"https:\/\/jyskalan.fi\/wp-content\/uploads\/2026\/03\/Rossipohja-etusivu.jpg 900w, https:\/\/jyskalan.fi\/wp-content\/uploads\/2026\/03\/Rossipohja-etusivu-300x200.jpg 300w, https:\/\/jyskalan.fi\/wp-content\/uploads\/2026\/03\/Rossipohja-etusivu-768x512.jpg 768w\" sizes=\"auto, (max-width: 900px) 100vw, 900px\" \/><\/figure>\n\n\n\n<div class=\"wp-block-cover alignwide\"><img loading=\"lazy\" decoding=\"async\" width=\"1000\" height=\"960\" class=\"wp-block-cover__image-background wp-image-32\" alt=\"\" src=\"https:\/\/jyskalan.fi\/wp-content\/uploads\/2026\/03\/Tausta-tumma-1.jpg\" data-object-fit=\"cover\" srcset=\"https:\/\/jyskalan.fi\/wp-content\/uploads\/2026\/03\/Tausta-tumma-1.jpg 1000w, https:\/\/jyskalan.fi\/wp-content\/uploads\/2026\/03\/Tausta-tumma-1-300x288.jpg 300w, https:\/\/jyskalan.fi\/wp-content\/uploads\/2026\/03\/Tausta-tumma-1-768x737.jpg 768w\" sizes=\"auto, (max-width: 1000px) 100vw, 1000px\" \/><span aria-hidden=\"true\" class=\"wp-block-cover__background has-background-dim\"><\/span><div class=\"wp-block-cover__inner-container is-layout-flow wp-block-cover-is-layout-flow\">\n<p>Uudisty\u00f6maita teemme aika harvoin, mutta aina v\u00e4lill\u00e4 otamme my\u00f6s kiinnostavan ty\u00f6maan ty\u00f6n alle<\/p>\n\n\n\n<p>Keskitymme uudisrakennuksissa l\u00e4hinn\u00e4 pienempiin kohteisiin, kuten autotallit ja talon laajennukset.<\/p>\n\n\n\n<p>Meill\u00e4 on my\u00f6s valvonta ja ty\u00f6maamestarin ty\u00f6h\u00f6n oleva koulutus<\/p>\n<\/div><\/div>\n\n\n\n<figure class=\"wp-block-image alignwide size-large\"><img loading=\"lazy\" decoding=\"async\" width=\"1024\" height=\"467\" src=\"https:\/\/jyskalan.fi\/wp-content\/uploads\/2026\/03\/Jatekatos-lopuksi-1024x467.jpg\" alt=\"\" class=\"wp-image-73\" srcset=\"https:\/\/jyskalan.fi\/wp-content\/uploads\/2026\/03\/Jatekatos-lopuksi-1024x467.jpg 1024w, https:\/\/jyskalan.fi\/wp-content\/uploads\/2026\/03\/Jatekatos-lopuksi-300x137.jpg 300w, https:\/\/jyskalan.fi\/wp-content\/uploads\/2026\/03\/Jatekatos-lopuksi-768x350.jpg 768w, https:\/\/jyskalan.fi\/wp-content\/uploads\/2026\/03\/Jatekatos-lopuksi-1536x700.jpg 1536w, https:\/\/jyskalan.fi\/wp-content\/uploads\/2026\/03\/Jatekatos-lopuksi-2048x934.jpg 2048w\" sizes=\"auto, (max-width: 1024px) 100vw, 1024px\" \/><\/figure>\n\n\n\n<div class=\"wp-block-group alignfull has-global-padding is-layout-constrained wp-block-group-is-layout-constrained\">\n<div class=\"wp-block-cover alignfull has-parallax\" style=\"padding-top:var(--wp--preset--spacing--30);padding-right:var(--wp--preset--spacing--30);padding-bottom:var(--wp--preset--spacing--30);padding-left:var(--wp--preset--spacing--30);min-height:2037px;aspect-ratio:unset;\"><div class=\"wp-block-cover__image-background wp-image-24 size-large has-parallax\" style=\"background-position:50% 50%;background-image:url(https:\/\/jyskalan.fi\/wp-content\/uploads\/2026\/03\/Sauna-1024x683.avif)\"><\/div><span aria-hidden=\"true\" class=\"wp-block-cover__background has-black-background-color has-background-dim-20 has-background-dim\"><\/span><div class=\"wp-block-cover__inner-container is-layout-flow wp-block-cover-is-layout-flow\"><div class=\"is-style-default wp-block-site-logo wp-duotone-rgb254254254-rgba2552552550-3\"><a href=\"https:\/\/jyskalan.fi\/\" class=\"custom-logo-link\" rel=\"home\"><img loading=\"lazy\" decoding=\"async\" width=\"280\" height=\"184\" src=\"https:\/\/jyskalan.fi\/wp-content\/uploads\/2026\/03\/Logo-2-3.jpg\" class=\"custom-logo\" alt=\"Rakennuspalvelu jysk\u00e4l\u00e4 Oy\" srcset=\"https:\/\/jyskalan.fi\/wp-content\/uploads\/2026\/03\/Logo-2-3.jpg 2368w, https:\/\/jyskalan.fi\/wp-content\/uploads\/2026\/03\/Logo-2-3-300x198.jpg 300w, https:\/\/jyskalan.fi\/wp-content\/uploads\/2026\/03\/Logo-2-3-1024x675.jpg 1024w, https:\/\/jyskalan.fi\/wp-content\/uploads\/2026\/03\/Logo-2-3-768x506.jpg 768w, https:\/\/jyskalan.fi\/wp-content\/uploads\/2026\/03\/Logo-2-3-1536x1013.jpg 1536w, https:\/\/jyskalan.fi\/wp-content\/uploads\/2026\/03\/Logo-2-3-2048x1350.jpg 2048w\" sizes=\"auto, (max-width: 280px) 100vw, 280px\" \/><\/a><\/div>\n\n\n<div class=\"wp-block-group alignwide has-base-color has-text-color has-link-color wp-elements-5a72f0d8cab5756456ccd3063fdffe0c is-content-justification-space-between is-layout-flex wp-container-core-group-is-layout-10d17ff1 wp-block-group-is-layout-flex\" style=\"margin-top:0;margin-bottom:0\">\n<div class=\"wp-block-group is-layout-flex wp-block-group-is-layout-flex\"><h1 class=\"has-link-color wp-elements-e24c80986e13ab3d929b38d6b46e3019 wp-block-site-title has-text-color has-white-color has-medium-font-size\"><a href=\"https:\/\/jyskalan.fi\" target=\"_self\" rel=\"home\">Rakennuspalvelu jysk\u00e4l\u00e4 Oy<\/a><\/h1><\/div>\n<\/div>\n<\/div><\/div>\n<\/div>\n\n\n\n<p><\/p>\n","protected":false},"excerpt":{"rendered":"","protected":false},"author":1,"featured_media":0,"parent":2,"menu_order":0,"comment_status":"closed","ping_status":"closed","template":"","meta":{"footnotes":""},"class_list":["post-17","page","type-page","status-publish","hentry"],"yoast_head":"<!-- This site is optimized with the Yoast SEO plugin v27.5 - https:\/\/yoast.com\/product\/yoast-seo-wordpress\/ -->\n<title>Rakennuspalvelu jysk\u00e4l\u00e4 Oy - Rakennuspalvelu jysk\u00e4l\u00e4 Oy<\/title>\n<meta name=\"robots\" content=\"index, follow, max-snippet:-1, max-image-preview:large, max-video-preview:-1\" \/>\n<link rel=\"canonical\" href=\"https:\/\/jyskalan.fi\/?page_id=17\" \/>\n<meta property=\"og:locale\" content=\"fi_FI\" \/>\n<meta property=\"og:type\" content=\"article\" \/>\n<meta property=\"og:title\" content=\"Rakennuspalvelu jysk\u00e4l\u00e4 Oy - Rakennuspalvelu jysk\u00e4l\u00e4 Oy\" \/>\n<meta property=\"og:url\" content=\"https:\/\/jyskalan.fi\/?page_id=17\" \/>\n<meta property=\"og:site_name\" content=\"Rakennuspalvelu jysk\u00e4l\u00e4 Oy\" \/>\n<meta property=\"article:modified_time\" content=\"2026-04-07T15:38:47+00:00\" \/>\n<meta property=\"og:image\" content=\"https:\/\/jyskalan.fi\/wp-content\/uploads\/2026\/03\/Tausta-tumma-1.jpg\" \/>\n\t<meta property=\"og:image:width\" content=\"1000\" \/>\n\t<meta property=\"og:image:height\" content=\"960\" \/>\n\t<meta property=\"og:image:type\" content=\"image\/jpeg\" \/>\n<meta name=\"twitter:card\" content=\"summary_large_image\" \/>\n<meta name=\"twitter:label1\" content=\"Arvioitu lukuaika\" \/>\n\t<meta name=\"twitter:data1\" content=\"5 minuuttia\" \/>\n<script type=\"application\/ld+json\" class=\"yoast-schema-graph\">{\"@context\":\"https:\\\/\\\/schema.org\",\"@graph\":[{\"@type\":\"WebPage\",\"@id\":\"https:\\\/\\\/jyskalan.fi\\\/?page_id=17\",\"url\":\"https:\\\/\\\/jyskalan.fi\\\/?page_id=17\",\"name\":\"Rakennuspalvelu jysk\u00e4l\u00e4 Oy - Rakennuspalvelu jysk\u00e4l\u00e4 Oy\",\"isPartOf\":{\"@id\":\"https:\\\/\\\/jyskalan.fi\\\/#website\"},\"primaryImageOfPage\":{\"@id\":\"https:\\\/\\\/jyskalan.fi\\\/?page_id=17#primaryimage\"},\"image\":{\"@id\":\"https:\\\/\\\/jyskalan.fi\\\/?page_id=17#primaryimage\"},\"thumbnailUrl\":\"https:\\\/\\\/jyskalan.fi\\\/wp-content\\\/uploads\\\/2026\\\/03\\\/Tausta-tumma-1.jpg\",\"datePublished\":\"2026-03-10T11:11:52+00:00\",\"dateModified\":\"2026-04-07T15:38:47+00:00\",\"breadcrumb\":{\"@id\":\"https:\\\/\\\/jyskalan.fi\\\/?page_id=17#breadcrumb\"},\"inLanguage\":\"fi\",\"potentialAction\":[{\"@type\":\"ReadAction\",\"target\":[\"https:\\\/\\\/jyskalan.fi\\\/?page_id=17\"]}]},{\"@type\":\"ImageObject\",\"inLanguage\":\"fi\",\"@id\":\"https:\\\/\\\/jyskalan.fi\\\/?page_id=17#primaryimage\",\"url\":\"https:\\\/\\\/jyskalan.fi\\\/wp-content\\\/uploads\\\/2026\\\/03\\\/Tausta-tumma-1.jpg\",\"contentUrl\":\"https:\\\/\\\/jyskalan.fi\\\/wp-content\\\/uploads\\\/2026\\\/03\\\/Tausta-tumma-1.jpg\",\"width\":1000,\"height\":960},{\"@type\":\"BreadcrumbList\",\"@id\":\"https:\\\/\\\/jyskalan.fi\\\/?page_id=17#breadcrumb\",\"itemListElement\":[{\"@type\":\"ListItem\",\"position\":1,\"name\":\"Etusivu\",\"item\":\"https:\\\/\\\/jyskalan.fi\\\/\"},{\"@type\":\"ListItem\",\"position\":2,\"name\":\"Jysk\u00e4l\u00e4 holding\",\"item\":\"https:\\\/\\\/jyskalan.fi\\\/?page_id=2\"},{\"@type\":\"ListItem\",\"position\":3,\"name\":\"Rakennuspalvelu jysk\u00e4l\u00e4 Oy\"}]},{\"@type\":\"WebSite\",\"@id\":\"https:\\\/\\\/jyskalan.fi\\\/#website\",\"url\":\"https:\\\/\\\/jyskalan.fi\\\/\",\"name\":\"Rakennuspalvelu jysk\u00e4l\u00e4 Oy\",\"description\":\"Kansikuva\",\"publisher\":{\"@id\":\"https:\\\/\\\/jyskalan.fi\\\/#organization\"},\"potentialAction\":[{\"@type\":\"SearchAction\",\"target\":{\"@type\":\"EntryPoint\",\"urlTemplate\":\"https:\\\/\\\/jyskalan.fi\\\/?s={search_term_string}\"},\"query-input\":{\"@type\":\"PropertyValueSpecification\",\"valueRequired\":true,\"valueName\":\"search_term_string\"}}],\"inLanguage\":\"fi\"},{\"@type\":\"Organization\",\"@id\":\"https:\\\/\\\/jyskalan.fi\\\/#organization\",\"name\":\"Rakennuspalvelu jysk\u00e4l\u00e4 Oy\",\"url\":\"https:\\\/\\\/jyskalan.fi\\\/\",\"logo\":{\"@type\":\"ImageObject\",\"inLanguage\":\"fi\",\"@id\":\"https:\\\/\\\/jyskalan.fi\\\/#\\\/schema\\\/logo\\\/image\\\/\",\"url\":\"https:\\\/\\\/jyskalan.fi\\\/wp-content\\\/uploads\\\/2026\\\/03\\\/Logo-2-3.jpg\",\"contentUrl\":\"https:\\\/\\\/jyskalan.fi\\\/wp-content\\\/uploads\\\/2026\\\/03\\\/Logo-2-3.jpg\",\"width\":2368,\"height\":1561,\"caption\":\"Rakennuspalvelu jysk\u00e4l\u00e4 Oy\"},\"image\":{\"@id\":\"https:\\\/\\\/jyskalan.fi\\\/#\\\/schema\\\/logo\\\/image\\\/\"}}]}<\/script>\n<!-- \/ Yoast SEO plugin. -->","yoast_head_json":{"title":"Rakennuspalvelu jysk\u00e4l\u00e4 Oy - Rakennuspalvelu jysk\u00e4l\u00e4 Oy","robots":{"index":"index","follow":"follow","max-snippet":"max-snippet:-1","max-image-preview":"max-image-preview:large","max-video-preview":"max-video-preview:-1"},"canonical":"https:\/\/jyskalan.fi\/?page_id=17","og_locale":"fi_FI","og_type":"article","og_title":"Rakennuspalvelu jysk\u00e4l\u00e4 Oy - Rakennuspalvelu jysk\u00e4l\u00e4 Oy","og_url":"https:\/\/jyskalan.fi\/?page_id=17","og_site_name":"Rakennuspalvelu jysk\u00e4l\u00e4 Oy","article_modified_time":"2026-04-07T15:38:47+00:00","og_image":[{"width":1000,"height":960,"url":"https:\/\/jyskalan.fi\/wp-content\/uploads\/2026\/03\/Tausta-tumma-1.jpg","type":"image\/jpeg"}],"twitter_card":"summary_large_image","twitter_misc":{"Arvioitu lukuaika":"5 minuuttia"},"schema":{"@context":"https:\/\/schema.org","@graph":[{"@type":"WebPage","@id":"https:\/\/jyskalan.fi\/?page_id=17","url":"https:\/\/jyskalan.fi\/?page_id=17","name":"Rakennuspalvelu jysk\u00e4l\u00e4 Oy - Rakennuspalvelu jysk\u00e4l\u00e4 Oy","isPartOf":{"@id":"https:\/\/jyskalan.fi\/#website"},"primaryImageOfPage":{"@id":"https:\/\/jyskalan.fi\/?page_id=17#primaryimage"},"image":{"@id":"https:\/\/jyskalan.fi\/?page_id=17#primaryimage"},"thumbnailUrl":"https:\/\/jyskalan.fi\/wp-content\/uploads\/2026\/03\/Tausta-tumma-1.jpg","datePublished":"2026-03-10T11:11:52+00:00","dateModified":"2026-04-07T15:38:47+00:00","breadcrumb":{"@id":"https:\/\/jyskalan.fi\/?page_id=17#breadcrumb"},"inLanguage":"fi","potentialAction":[{"@type":"ReadAction","target":["https:\/\/jyskalan.fi\/?page_id=17"]}]},{"@type":"ImageObject","inLanguage":"fi","@id":"https:\/\/jyskalan.fi\/?page_id=17#primaryimage","url":"https:\/\/jyskalan.fi\/wp-content\/uploads\/2026\/03\/Tausta-tumma-1.jpg","contentUrl":"https:\/\/jyskalan.fi\/wp-content\/uploads\/2026\/03\/Tausta-tumma-1.jpg","width":1000,"height":960},{"@type":"BreadcrumbList","@id":"https:\/\/jyskalan.fi\/?page_id=17#breadcrumb","itemListElement":[{"@type":"ListItem","position":1,"name":"Etusivu","item":"https:\/\/jyskalan.fi\/"},{"@type":"ListItem","position":2,"name":"Jysk\u00e4l\u00e4 holding","item":"https:\/\/jyskalan.fi\/?page_id=2"},{"@type":"ListItem","position":3,"name":"Rakennuspalvelu jysk\u00e4l\u00e4 Oy"}]},{"@type":"WebSite","@id":"https:\/\/jyskalan.fi\/#website","url":"https:\/\/jyskalan.fi\/","name":"Rakennuspalvelu jysk\u00e4l\u00e4 Oy","description":"Kansikuva","publisher":{"@id":"https:\/\/jyskalan.fi\/#organization"},"potentialAction":[{"@type":"SearchAction","target":{"@type":"EntryPoint","urlTemplate":"https:\/\/jyskalan.fi\/?s={search_term_string}"},"query-input":{"@type":"PropertyValueSpecification","valueRequired":true,"valueName":"search_term_string"}}],"inLanguage":"fi"},{"@type":"Organization","@id":"https:\/\/jyskalan.fi\/#organization","name":"Rakennuspalvelu jysk\u00e4l\u00e4 Oy","url":"https:\/\/jyskalan.fi\/","logo":{"@type":"ImageObject","inLanguage":"fi","@id":"https:\/\/jyskalan.fi\/#\/schema\/logo\/image\/","url":"https:\/\/jyskalan.fi\/wp-content\/uploads\/2026\/03\/Logo-2-3.jpg","contentUrl":"https:\/\/jyskalan.fi\/wp-content\/uploads\/2026\/03\/Logo-2-3.jpg","width":2368,"height":1561,"caption":"Rakennuspalvelu jysk\u00e4l\u00e4 Oy"},"image":{"@id":"https:\/\/jyskalan.fi\/#\/schema\/logo\/image\/"}}]}},"_links":{"self":[{"href":"https:\/\/jyskalan.fi\/index.php?rest_route=\/wp\/v2\/pages\/17","targetHints":{"allow":["GET"]}}],"collection":[{"href":"https:\/\/jyskalan.fi\/index.php?rest_route=\/wp\/v2\/pages"}],"about":[{"href":"https:\/\/jyskalan.fi\/index.php?rest_route=\/wp\/v2\/types\/page"}],"author":[{"embeddable":true,"href":"https:\/\/jyskalan.fi\/index.php?rest_route=\/wp\/v2\/users\/1"}],"replies":[{"embeddable":true,"href":"https:\/\/jyskalan.fi\/index.php?rest_route=%2Fwp%2Fv2%2Fcomments&post=17"}],"version-history":[{"count":14,"href":"https:\/\/jyskalan.fi\/index.php?rest_route=\/wp\/v2\/pages\/17\/revisions"}],"predecessor-version":[{"id":146,"href":"https:\/\/jyskalan.fi\/index.php?rest_route=\/wp\/v2\/pages\/17\/revisions\/146"}],"up":[{"embeddable":true,"href":"https:\/\/jyskalan.fi\/index.php?rest_route=\/wp\/v2\/pages\/2"}],"wp:attachment":[{"href":"https:\/\/jyskalan.fi\/index.php?rest_route=%2Fwp%2Fv2%2Fmedia&parent=17"}],"curies":[{"name":"wp","href":"https:\/\/api.w.org\/{rel}","templated":true}]}}